{"id":52,"date":"2019-10-31T07:46:42","date_gmt":"2019-10-31T07:46:42","guid":{"rendered":"https:\/\/www.demo.cosmoswp.com\/demo-9\/?page_id=4"},"modified":"2022-04-25T13:21:14","modified_gmt":"2022-04-25T11:21:14","slug":"home","status":"publish","type":"page","link":"https:\/\/frass-koeln.de\/content\/","title":{"rendered":"Home"},"content":{"rendered":"\n<section id=\"section-8ba22874-c0aa-4b94-aa54-ef92d4392f01\" class=\"wp-block-gutentor-image-slider gutentor-section gutentor-image-slider imageSlider-template1 text-left\"><div class=\"gutentor-grid-item-wrap\"><div class=\"gutentor-slider-wrapper\" data-dots=\"true\" data-arrows=\"false\" data-infinite=\"true\" data-nextarrow=\"fas fa-angle-right\" data-prevarrow=\"fas fa-angle-left\" data-autoplay=\"true\" data-autoplayspeed=\"5000\" data-fade=\"true\" data-speed=\"2000\"><div class=\"gutentor-slider-item\"><div class=\"gutentor-single-item gutentor-single-item-0\"><div class=\"gutentor-single-item-wrap\"><div class=\"gutentor-single-item-image-box\"><div class=\"gutentor-bg-image\"><div class=\"overlay\"><\/div><\/div><\/div><div class=\"gutentor-single-item-content\"><div class=\"grid-container\"><div class=\"slider-caption text-left\"><h3 class=\"gutentor-single-item-title\">LEISTUNGSF\u00c4HIGKEIT UND INNOVATION<\/h3><p class=\"gutentor-single-item-desc\">Qualit\u00e4t, Termin-, Kosten- und technische Sicherheit sind unsere Ma\u00dfst\u00e4be<\/p><a class=\"gutentor-button gutentor-single-item-button gutentor-icon-hide\" href=\"https:\/\/frass-koeln.de\/content\/leistungen\/\"><i class=\"gutentor-button-icon fas fa-book\"><\/i><span>LEISTUNGEN<\/span><\/a><\/div><\/div><\/div><\/div><\/div><\/div><div class=\"gutentor-slider-item\"><div class=\"gutentor-single-item gutentor-single-item-1\"><div class=\"gutentor-single-item-wrap\"><div class=\"gutentor-single-item-image-box\"><div class=\"gutentor-bg-image\"><div class=\"overlay\"><\/div><\/div><\/div><div class=\"gutentor-single-item-content\"><div class=\"grid-container\"><div class=\"slider-caption text-left\"><h3 class=\"gutentor-single-item-title\">BERATUNG, PLANUNG UND BAU\u00dcBERWACHUNG<\/h3><p class=\"gutentor-single-item-desc\">Wir bieten unseren Auftraggebern alle Leistungen der HOAI f\u00fcr die Bereiche der Technischen Geb\u00e4udeausr\u00fcstung und des Hochbaues<\/p><a class=\"gutentor-button gutentor-single-item-button gutentor-icon-hide\" href=\"https:\/\/frass-koeln.de\/content\/ueber-uns\/\"><i class=\"gutentor-button-icon fas fa-book\"><\/i><span>PROFIL<\/span><\/a><\/div><\/div><\/div><\/div><\/div><\/div><div class=\"gutentor-slider-item\"><div class=\"gutentor-single-item gutentor-single-item-2\"><div class=\"gutentor-single-item-wrap\"><div class=\"gutentor-single-item-image-box\"><div class=\"gutentor-bg-image\"><div class=\"overlay\"><\/div><\/div><\/div><div class=\"gutentor-single-item-content\"><div class=\"grid-container\"><div class=\"slider-caption text-left\"><h3 class=\"gutentor-single-item-title\">LEISTUNGSF\u00c4HIGKEIT UND INNOVATION<\/h3><p class=\"gutentor-single-item-desc\">Qualit\u00e4t, Termin-, Kosten- und technische Sicherheit sind unsere Ma\u00dfst\u00e4be<\/p><a class=\"gutentor-button gutentor-single-item-button gutentor-icon-hide\" href=\"https:\/\/frass-koeln.de\/content\/leistungen\/\"><i class=\"gutentor-button-icon fas fa-book\"><\/i><span>LEISTUNGEN<\/span><\/a><\/div><\/div><\/div><\/div><\/div><\/div><\/div><\/div><\/section>\n\n\n\n<section id=\"gm1ea10de\" class=\"wp-block-gutentor-m4 section-gm1ea10de gutentor-module gutentor-advanced-columns has-image-bg has-custom-bg\"><div class=\"grid-container\"><div class=\"grid-row\">\n<div id=\"col-gm179bd7\" class=\"wp-block-gutentor-m4-col col-gm179bd7 gutentor-single-column  grid-lg-12 grid-md-12 grid-12\"><div id=\"section-gm179bd7\" class=\"section-gm179bd7 gutentor-col-wrap\">\n<div id=\"section-g9a6a55\" class=\"wp-block-gutentor-e1 section-g9a6a55 gutentor-element gutentor-element-advanced-text text-align-center-desktop\"><div class=\"gutentor-text-wrap\"><h3 class=\"gutentor-text\">Herzlich willkommen<\/h3><\/div><\/div>\n\n\n\n<div id=\"section-g31c8dd\" class=\"wp-block-gutentor-e1 section-g31c8dd gutentor-element gutentor-element-advanced-text text-align-center-desktop\"><div class=\"gutentor-text-wrap\"><p class=\"gutentor-text\">Wir sind ein Ingenieurb\u00fcro f\u00fcr technische Geb\u00e4udeausr\u00fcstung. Die T\u00e4tigkeitsfelder umfassen Planungen der Haustechnik in den unterschiedlichsten Gr\u00f6\u00dfenordnungen des Wohnungs- und Gewerbebaus. Unsere Kompetenzen in allen Gewerken der technischen Geb\u00e4udeausr\u00fcstung erm\u00f6glichen eine optimale Projektkoordination und Umsetzung der gestellten Aufgabe. Es werden alle Leistungsphasen der HOAI erf\u00fcllt.<\/p><\/div><\/div>\n<\/div><\/div>\n<\/div><\/div><\/section>\n\n\n\n<section id=\"section-71a5db50-84ee-4e86-a87a-9eb08f6b8098\" class=\"wp-block-gutentor-image-box gutentor-section gutentor-image-wrapper imagebox-template1\"><div class=\"grid-container\"><div class=\"grid-row gutentor-grid-item-wrap\"><div class=\"gutentor-grid-column grid-lg-4 grid-md-4 grid-12\"><div class=\"gutentor-single-item gutentor-image gutentor-single-item-0\"><div class=\"gutentor-single-item-wrap\"><div class=\"gutentor-single-item-image-box\"><div class=\"gutentor-image-thumb\"><img decoding=\"async\" class=\"normal-image\" src=\"https:\/\/frass-koeln.de\/content\/wp-content\/uploads\/2022\/03\/planung.jpg\" alt=\"\"\/><\/div><\/div><div class=\"gutentor-single-item-content\"><h3 class=\"gutentor-single-item-title\">PLANUNGEN<\/h3><p class=\"gutentor-single-item-desc\">Entwurfs-, Genehmigungs- und Ausf\u00fchrungsplanung, Energiekonzepte, Wirtschaftlichkeitsnachweis<\/p><\/div><\/div><\/div><\/div><div class=\"gutentor-grid-column grid-lg-4 grid-md-4 grid-12\"><div class=\"gutentor-single-item gutentor-image gutentor-single-item-1\"><div class=\"gutentor-single-item-wrap\"><div class=\"gutentor-single-item-image-box\"><div class=\"gutentor-image-thumb\"><img decoding=\"async\" class=\"normal-image\" src=\"https:\/\/frass-koeln.de\/content\/wp-content\/uploads\/2022\/03\/bauueberwachung.jpg\" alt=\"\"\/><\/div><\/div><div class=\"gutentor-single-item-content\"><h3 class=\"gutentor-single-item-title\">BAU\u00dcBERWACHUNG<\/h3><p class=\"gutentor-single-item-desc\">Bauleitung, Durchf\u00fchren von Funktions- und Leistungsmessungen, Abnahmen,<br>Kosten- und Terminkontrolle<\/p><\/div><\/div><\/div><\/div><div class=\"gutentor-grid-column grid-lg-4 grid-md-4 grid-12\"><div class=\"gutentor-single-item gutentor-image gutentor-single-item-2\"><div class=\"gutentor-single-item-wrap\"><div class=\"gutentor-single-item-image-box\"><div class=\"gutentor-image-thumb\"><img decoding=\"async\" class=\"normal-image\" src=\"https:\/\/frass-koeln.de\/content\/wp-content\/uploads\/2022\/03\/objekt.jpg\" alt=\"\"\/><\/div><\/div><div class=\"gutentor-single-item-content\"><h3 class=\"gutentor-single-item-title\">OBJEKTBETREUUNG<\/h3><p class=\"gutentor-single-item-desc\">Kontrolle der M\u00e4ngelbehebung, Erarbeiten der Wartungsplanung, Festlegen des Wartungsumfang der TGA<\/p><\/div><\/div><\/div><\/div><\/div><\/div><\/section>\n\n\n\n<section id=\"gme6d1e04\" class=\"wp-block-gutentor-m4 section-gme6d1e04 gutentor-module gutentor-advanced-columns has-color-bg has-custom-bg\"><div class=\"grid-container\"><div class=\"grid-row\">\n<div id=\"col-gm6197eb\" class=\"wp-block-gutentor-m4-col col-gm6197eb gutentor-single-column  grid-lg-12 grid-md-12 grid-12\"><div id=\"section-gm6197eb\" class=\"section-gm6197eb gutentor-col-wrap\">\n<div id=\"section-g8bce5d\" class=\"wp-block-gutentor-e1 section-g8bce5d gutentor-element gutentor-element-advanced-text text-align-center-desktop\"><div class=\"gutentor-text-wrap\"><h4 class=\"gutentor-text\">Ihr kompetenter Ansprechpartner f\u00fcr Technische Geb\u00e4udeausr\u00fcstung<br>und Geb\u00e4udemanagement in K\u00f6ln und Umgebung<\/h4><\/div><\/div>\n\n\n\n<section id=\"gm93c0a1a\" class=\"wp-block-gutentor-m4 section-gm93c0a1a gutentor-module gutentor-advanced-columns\"><div class=\"grid-container\"><div class=\"grid-row\">\n<div id=\"col-gm18a9c7\" class=\"wp-block-gutentor-m4-col col-gm18a9c7 gutentor-single-column  grid-lg-3 grid-md-12 grid-12\"><div id=\"section-gm18a9c7\" class=\"section-gm18a9c7 gutentor-col-wrap\">\n<div id=\"section-g2d5779\" class=\"wp-block-gutentor-e7 section-g2d5779 gutentor-element gutentor-element-list\"><ul class=\"grid-row gutentor-grid-item-wrap list-indicator-icon\"><li class=\"gutentor-list-item grid-lg-12 grid-md-12 grid-12\"><span class=\"gutentor-single-item gutentor-single-item-0\"><span class=\"gutentor-list-item-wrap g-s-list-wrap\"><span class=\"gutentor-single-list-item-icon\"><i class=\"list-item-icon fas fa-check\"><\/i><\/span><span class=\"gutentor-list-item\"><p class=\"gutentor-single-item-title\">Generalplanungen<\/p><\/span><\/span><\/span><\/li><\/ul><\/div>\n<\/div><\/div>\n\n\n\n<div id=\"col-gmc188a9\" class=\"wp-block-gutentor-m4-col col-gmc188a9 gutentor-single-column  grid-lg-3 grid-md-12 grid-12\"><div id=\"section-gmc188a9\" class=\"section-gmc188a9 gutentor-col-wrap\">\n<div id=\"section-g2466d6\" class=\"wp-block-gutentor-e7 section-g2466d6 gutentor-element gutentor-element-list\"><ul class=\"grid-row gutentor-grid-item-wrap list-indicator-icon\"><li class=\"gutentor-list-item grid-lg-12 grid-md-12 grid-12\"><span class=\"gutentor-single-item gutentor-single-item-0\"><span class=\"gutentor-list-item-wrap g-s-list-wrap\"><span class=\"gutentor-single-list-item-icon\"><i class=\"list-item-icon fas fa-check\"><\/i><\/span><span class=\"gutentor-list-item\"><p class=\"gutentor-single-item-title\">Facility Management<\/p><\/span><\/span><\/span><\/li><\/ul><\/div>\n<\/div><\/div>\n\n\n\n<div id=\"col-gm5ba31e\" class=\"wp-block-gutentor-m4-col col-gm5ba31e gutentor-single-column  grid-lg-3 grid-md-12 grid-12\"><div id=\"section-gm5ba31e\" class=\"section-gm5ba31e gutentor-col-wrap\">\n<div id=\"section-g3ea211\" class=\"wp-block-gutentor-e7 section-g3ea211 gutentor-element gutentor-element-list\"><ul class=\"grid-row gutentor-grid-item-wrap list-indicator-icon\"><li class=\"gutentor-list-item grid-lg-12 grid-md-12 grid-12\"><span class=\"gutentor-single-item gutentor-single-item-0\"><span class=\"gutentor-list-item-wrap g-s-list-wrap\"><span class=\"gutentor-single-list-item-icon\"><i class=\"list-item-icon fas fa-check\"><\/i><\/span><span class=\"gutentor-list-item\"><p class=\"gutentor-single-item-title\">Gutachten<\/p><\/span><\/span><\/span><\/li><\/ul><\/div>\n<\/div><\/div>\n\n\n\n<div id=\"col-gm3640c2\" class=\"wp-block-gutentor-m4-col col-gm3640c2 gutentor-single-column  grid-lg-3 grid-md-12 grid-12\"><div id=\"section-gm3640c2\" class=\"section-gm3640c2 gutentor-col-wrap\">\n<div id=\"section-gaf7915\" class=\"wp-block-gutentor-e7 section-gaf7915 gutentor-element gutentor-element-list\"><ul class=\"grid-row gutentor-grid-item-wrap list-indicator-icon\"><li class=\"gutentor-list-item grid-lg-12 grid-md-12 grid-12\"><span class=\"gutentor-single-item gutentor-single-item-0\"><span class=\"gutentor-list-item-wrap g-s-list-wrap\"><span class=\"gutentor-single-list-item-icon\"><i class=\"list-item-icon fas fa-check\"><\/i><\/span><span class=\"gutentor-list-item\"><p class=\"gutentor-single-item-title\">Pr\u00fcfungen<\/p><\/span><\/span><\/span><\/li><\/ul><\/div>\n<\/div><\/div>\n<\/div><\/div><\/section>\n<\/div><\/div>\n<\/div><\/div><\/section>\n","protected":false},"excerpt":{"rendered":"","protected":false},"author":1,"featured_media":0,"parent":0,"menu_order":0,"comment_status":"closed","ping_status":"closed","template":"template-gutentor-full-width.php","meta":{"footnotes":""},"class_list":["post-52","page","type-page","status-publish","hentry"],"_links":{"self":[{"href":"https:\/\/frass-koeln.de\/content\/wp-json\/wp\/v2\/pages\/52","targetHints":{"allow":["GET"]}}],"collection":[{"href":"https:\/\/frass-koeln.de\/content\/wp-json\/wp\/v2\/pages"}],"about":[{"href":"https:\/\/frass-koeln.de\/content\/wp-json\/wp\/v2\/types\/page"}],"author":[{"embeddable":true,"href":"https:\/\/frass-koeln.de\/content\/wp-json\/wp\/v2\/users\/1"}],"replies":[{"embeddable":true,"href":"https:\/\/frass-koeln.de\/content\/wp-json\/wp\/v2\/comments?post=52"}],"version-history":[{"count":19,"href":"https:\/\/frass-koeln.de\/content\/wp-json\/wp\/v2\/pages\/52\/revisions"}],"predecessor-version":[{"id":380,"href":"https:\/\/frass-koeln.de\/content\/wp-json\/wp\/v2\/pages\/52\/revisions\/380"}],"wp:attachment":[{"href":"https:\/\/frass-koeln.de\/content\/wp-json\/wp\/v2\/media?parent=52"}],"curies":[{"name":"wp","href":"https:\/\/api.w.org\/{rel}","templated":true}]}}