{"id":48,"date":"2019-10-31T09:50:58","date_gmt":"2019-10-31T09:50:58","guid":{"rendered":"https:\/\/www.demo.cosmoswp.com\/demo-9\/?page_id=50"},"modified":"2022-04-19T09:40:46","modified_gmt":"2022-04-19T07:40:46","slug":"ueber-uns","status":"publish","type":"page","link":"https:\/\/frass-koeln.de\/content\/ueber-uns\/","title":{"rendered":"Wir \u00fcber uns"},"content":{"rendered":"\n<div id=\"section-gc01013\" class=\"wp-block-gutentor-e6 section-gc01013 gutentor-element gutentor-element-image\"><div class=\"gutentor-element-image-box\"><div class=\"gutentor-bg-image\"><\/div><\/div><\/div>\n\n\n\n<section id=\"gmc2ccee9\" class=\"wp-block-gutentor-m4 section-gmc2ccee9 gutentor-module gutentor-advanced-columns has-image-bg has-custom-bg\"><div class=\"grid-container\"><div class=\"grid-row\">\n<div id=\"col-gmfde442\" class=\"wp-block-gutentor-m4-col col-gmfde442 gutentor-single-column  grid-lg-12 grid-md-12 grid-12\"><div id=\"section-gmfde442\" class=\"section-gmfde442 gutentor-col-wrap\">\n<div id=\"section-g4d0bc3\" class=\"wp-block-gutentor-e1 section-g4d0bc3 gutentor-element gutentor-element-advanced-text\"><div class=\"gutentor-text-wrap\"><h2 class=\"gutentor-text\">Frass &amp; Partner Ingenieure<\/h2><\/div><\/div>\n<\/div><\/div>\n<\/div><\/div><\/section>\n\n\n\n<section id=\"gma1fcca0\" class=\"wp-block-gutentor-m4 section-gma1fcca0 gutentor-module gutentor-advanced-columns\"><div class=\"grid-container\"><div class=\"grid-row\">\n<div id=\"col-gm75d147\" class=\"wp-block-gutentor-m4-col col-gm75d147 gutentor-single-column  grid-lg-12 grid-md-12 grid-12\"><div id=\"section-gm75d147\" class=\"section-gm75d147 gutentor-col-wrap\">\n<div id=\"section-gf7bf95\" class=\"wp-block-gutentor-e1 section-gf7bf95 gutentor-element gutentor-element-advanced-text\"><div class=\"gutentor-text-wrap\"><p class=\"gutentor-text\">Wir sind ein Ingenieurb\u00fcro f\u00fcr technische Geb\u00e4udeausr\u00fcstung. Die T\u00e4tigkeitsfelder umfassen Planungen der Haustechnik in den unterschiedlichsten Gr\u00f6\u00dfenordnungen des Wohnungs- und Gewerbebaus.<\/p><\/div><\/div>\n\n\n\n<div id=\"section-g92f516\" class=\"wp-block-gutentor-e1 section-g92f516 gutentor-element gutentor-element-advanced-text\"><div class=\"gutentor-text-wrap\"><h4 class=\"gutentor-text\">Unsere Kompetenzen in allen Gewerken der technischen Geb\u00e4udeausr\u00fcstung erm\u00f6glichen eine optimale Projektkoordination und Umsetzung der gestellten Aufgabe.<\/h4><\/div><\/div>\n\n\n\n<section id=\"gmf132fbe\" class=\"wp-block-gutentor-m4 section-gmf132fbe gutentor-module gutentor-advanced-columns\"><div class=\"grid-container\"><div class=\"grid-row\">\n<div id=\"col-gm716c0c\" class=\"wp-block-gutentor-m4-col col-gm716c0c gutentor-single-column  grid-lg-3 grid-md-12 grid-12\"><div id=\"section-gm716c0c\" class=\"section-gm716c0c gutentor-col-wrap\">\n<div id=\"section-g95141e\" class=\"wp-block-gutentor-e7 section-g95141e gutentor-element gutentor-element-list\"><ul class=\"grid-row gutentor-grid-item-wrap list-indicator-icon\"><li class=\"gutentor-list-item grid-lg-12 grid-md-12 grid-12\"><span class=\"gutentor-single-item gutentor-single-item-0\"><span class=\"gutentor-list-item-wrap g-s-list-wrap\"><span class=\"gutentor-single-list-item-icon\"><i class=\"list-item-icon fas fa-check\"><\/i><\/span><span class=\"gutentor-list-item\"><p class=\"gutentor-single-item-title\">Entwurfsplanung<\/p><\/span><\/span><\/span><\/li><li class=\"gutentor-list-item grid-lg-12 grid-md-12 grid-12\"><span class=\"gutentor-single-item gutentor-single-item-1\"><span class=\"gutentor-list-item-wrap g-s-list-wrap\"><span class=\"gutentor-single-list-item-icon\"><i class=\"list-item-icon fas fa-check\"><\/i><\/span><span class=\"gutentor-list-item\"><p class=\"gutentor-single-item-title\">Leistungsverzeichnisse<\/p><\/span><\/span><\/span><\/li><li class=\"gutentor-list-item grid-lg-12 grid-md-12 grid-12\"><span class=\"gutentor-single-item gutentor-single-item-2\"><span class=\"gutentor-list-item-wrap g-s-list-wrap\"><span class=\"gutentor-single-list-item-icon\"><i class=\"list-item-icon fas fa-check\"><\/i><\/span><span class=\"gutentor-list-item\"><p class=\"gutentor-single-item-title\">Baubetreuungen<\/p><\/span><\/span><\/span><\/li><\/ul><\/div>\n<\/div><\/div>\n\n\n\n<div id=\"col-gma53fa2\" class=\"wp-block-gutentor-m4-col col-gma53fa2 gutentor-single-column  grid-lg-3 grid-md-12 grid-12\"><div id=\"section-gma53fa2\" class=\"section-gma53fa2 gutentor-col-wrap\">\n<div id=\"section-g3e8f20\" class=\"wp-block-gutentor-e7 section-g3e8f20 gutentor-element gutentor-element-list\"><ul class=\"grid-row gutentor-grid-item-wrap list-indicator-icon\"><li class=\"gutentor-list-item grid-lg-12 grid-md-12 grid-12\"><span class=\"gutentor-single-item gutentor-single-item-0\"><span class=\"gutentor-list-item-wrap g-s-list-wrap\"><span class=\"gutentor-single-list-item-icon\"><i class=\"list-item-icon fas fa-check\"><\/i><\/span><span class=\"gutentor-list-item\"><p class=\"gutentor-single-item-title\">Vergabe<\/p><\/span><\/span><\/span><\/li><li class=\"gutentor-list-item grid-lg-12 grid-md-12 grid-12\"><span class=\"gutentor-single-item gutentor-single-item-1\"><span class=\"gutentor-list-item-wrap g-s-list-wrap\"><span class=\"gutentor-single-list-item-icon\"><i class=\"list-item-icon fas fa-check\"><\/i><\/span><span class=\"gutentor-list-item\"><p class=\"gutentor-single-item-title\">Gutachten<\/p><\/span><\/span><\/span><\/li><\/ul><\/div>\n<\/div><\/div>\n\n\n\n<div id=\"col-gm4d506e\" class=\"wp-block-gutentor-m4-col col-gm4d506e gutentor-single-column  grid-lg-3 grid-md-12 grid-12\"><div id=\"section-gm4d506e\" class=\"section-gm4d506e gutentor-col-wrap\">\n<div id=\"section-gf592e6\" class=\"wp-block-gutentor-e7 section-gf592e6 gutentor-element gutentor-element-list\"><ul class=\"grid-row gutentor-grid-item-wrap list-indicator-icon\"><li class=\"gutentor-list-item grid-lg-12 grid-md-12 grid-12\"><span class=\"gutentor-single-item gutentor-single-item-0\"><span class=\"gutentor-list-item-wrap g-s-list-wrap\"><span class=\"gutentor-single-list-item-icon\"><i class=\"list-item-icon fas fa-check\"><\/i><\/span><span class=\"gutentor-list-item\"><p class=\"gutentor-single-item-title\">Genehmigungsplanung<\/p><\/span><\/span><\/span><\/li><li class=\"gutentor-list-item grid-lg-12 grid-md-12 grid-12\"><span class=\"gutentor-single-item gutentor-single-item-1\"><span class=\"gutentor-list-item-wrap g-s-list-wrap\"><span class=\"gutentor-single-list-item-icon\"><i class=\"list-item-icon fas fa-check\"><\/i><\/span><span class=\"gutentor-list-item\"><p class=\"gutentor-single-item-title\">Bau\u00fcberwachung<\/p><\/span><\/span><\/span><\/li><li class=\"gutentor-list-item grid-lg-12 grid-md-12 grid-12\"><span class=\"gutentor-single-item gutentor-single-item-2\"><span class=\"gutentor-list-item-wrap g-s-list-wrap\"><span class=\"gutentor-single-list-item-icon\"><i class=\"list-item-icon fas fa-check\"><\/i><\/span><span class=\"gutentor-list-item\"><p class=\"gutentor-single-item-title\">Pr\u00fcfungen<\/p><\/span><\/span><\/span><\/li><\/ul><\/div>\n<\/div><\/div>\n\n\n\n<div id=\"col-gm60cb41\" class=\"wp-block-gutentor-m4-col col-gm60cb41 gutentor-single-column  grid-lg-3 grid-md-12 grid-12\"><div id=\"section-gm60cb41\" class=\"section-gm60cb41 gutentor-col-wrap\">\n<div id=\"section-gff3424\" class=\"wp-block-gutentor-e7 section-gff3424 gutentor-element gutentor-element-list\"><ul class=\"grid-row gutentor-grid-item-wrap list-indicator-icon\"><li class=\"gutentor-list-item grid-lg-12 grid-md-12 grid-12\"><span class=\"gutentor-single-item gutentor-single-item-0\"><span class=\"gutentor-list-item-wrap g-s-list-wrap\"><span class=\"gutentor-single-list-item-icon\"><i class=\"list-item-icon fas fa-check\"><\/i><\/span><span class=\"gutentor-list-item\"><p class=\"gutentor-single-item-title\">Ausf\u00fchrungsplanung<\/p><\/span><\/span><\/span><\/li><li class=\"gutentor-list-item grid-lg-12 grid-md-12 grid-12\"><span class=\"gutentor-single-item gutentor-single-item-1\"><span class=\"gutentor-list-item-wrap g-s-list-wrap\"><span class=\"gutentor-single-list-item-icon\"><i class=\"list-item-icon fas fa-check\"><\/i><\/span><span class=\"gutentor-list-item\"><p class=\"gutentor-single-item-title\">Objektbetreuung<\/p><\/span><\/span><\/span><\/li><li class=\"gutentor-list-item grid-lg-12 grid-md-12 grid-12\"><span class=\"gutentor-single-item gutentor-single-item-2\"><span class=\"gutentor-list-item-wrap g-s-list-wrap\"><span class=\"gutentor-single-list-item-icon\"><i class=\"list-item-icon fas fa-check\"><\/i><\/span><span class=\"gutentor-list-item\"><p class=\"gutentor-single-item-title\">Generalplanung<\/p><\/span><\/span><\/span><\/li><\/ul><\/div>\n<\/div><\/div>\n<\/div><\/div><\/section>\n\n\n\n<div id=\"section-g4b9f10\" class=\"wp-block-gutentor-e1 section-g4b9f10 gutentor-element gutentor-element-advanced-text\"><div class=\"gutentor-text-wrap\"><p class=\"gutentor-text\">Es werden alle Leistungsphasen der HOAI erf\u00fcllt. Es w\u00fcrde uns freuen, wenn wir damit Ihr Interesse wecken. Gerne stehen wir Ihnen f\u00fcr Ihre Bauvorhaben oder Ihre Fragen zur Verf\u00fcgung.<\/p><\/div><\/div>\n\n\n\n<div id=\"section-g1cd7f8\" class=\"wp-block-gutentor-e1 section-g1cd7f8 gutentor-element gutentor-element-advanced-text\"><div class=\"gutentor-text-wrap\"><h3 class=\"gutentor-text\">Gesch\u00e4ftsleitung<\/h3><\/div><\/div>\n\n\n\n<section id=\"gmd835b2e\" class=\"wp-block-gutentor-m4 section-gmd835b2e gutentor-module gutentor-advanced-columns\"><div class=\"grid-container\"><div class=\"grid-row\">\n<div id=\"col-gm15c006\" class=\"wp-block-gutentor-m4-col col-gm15c006 gutentor-single-column  grid-lg-3 grid-md-12 grid-12\"><div id=\"section-gm15c006\" class=\"section-gm15c006 gutentor-col-wrap\">\n<div id=\"section-ga40298\" class=\"wp-block-gutentor-e6 section-ga40298 gutentor-element gutentor-element-image\"><div class=\"gutentor-element-image-box\"><div class=\"gutentor-image-thumb\"><img decoding=\"async\" class=\"normal-image\" src=\"https:\/\/frass-koeln.de\/content\/wp-content\/uploads\/2022\/03\/burkhard-frass.jpg\"\/><\/div><\/div><\/div>\n<\/div><\/div>\n\n\n\n<div id=\"col-gm2df521\" class=\"wp-block-gutentor-m4-col col-gm2df521 gutentor-single-column  grid-lg-9 grid-md-12 grid-12\"><div id=\"section-gm2df521\" class=\"section-gm2df521 gutentor-col-wrap\">\n<div id=\"section-g86790e\" class=\"wp-block-gutentor-e1 section-g86790e gutentor-element gutentor-element-advanced-text\"><div class=\"gutentor-text-wrap\"><p class=\"gutentor-text\"><strong>Burkhard Frass <\/strong><br>Diplom-Ingenieur (VDI, UBI)<br>T. Betriebswirt<br>Freier Sachverst\u00e4ndiger f\u00fcr Klima- und K\u00e4ltetechnik<\/p><\/div><\/div>\n<\/div><\/div>\n<\/div><\/div><\/section>\n<\/div><\/div>\n<\/div><\/div><\/section>\n\n\n\n<p><\/p>\n","protected":false},"excerpt":{"rendered":"","protected":false},"author":1,"featured_media":0,"parent":0,"menu_order":0,"comment_status":"closed","ping_status":"closed","template":"template-gutentor-full-width.php","meta":{"footnotes":""},"class_list":["post-48","page","type-page","status-publish","hentry"],"_links":{"self":[{"href":"https:\/\/frass-koeln.de\/content\/wp-json\/wp\/v2\/pages\/48","targetHints":{"allow":["GET"]}}],"collection":[{"href":"https:\/\/frass-koeln.de\/content\/wp-json\/wp\/v2\/pages"}],"about":[{"href":"https:\/\/frass-koeln.de\/content\/wp-json\/wp\/v2\/types\/page"}],"author":[{"embeddable":true,"href":"https:\/\/frass-koeln.de\/content\/wp-json\/wp\/v2\/users\/1"}],"replies":[{"embeddable":true,"href":"https:\/\/frass-koeln.de\/content\/wp-json\/wp\/v2\/comments?post=48"}],"version-history":[{"count":8,"href":"https:\/\/frass-koeln.de\/content\/wp-json\/wp\/v2\/pages\/48\/revisions"}],"predecessor-version":[{"id":327,"href":"https:\/\/frass-koeln.de\/content\/wp-json\/wp\/v2\/pages\/48\/revisions\/327"}],"wp:attachment":[{"href":"https:\/\/frass-koeln.de\/content\/wp-json\/wp\/v2\/media?parent=48"}],"curies":[{"name":"wp","href":"https:\/\/api.w.org\/{rel}","templated":true}]}}